{"id":246,"date":"2015-08-25T07:22:59","date_gmt":"2015-08-25T07:22:59","guid":{"rendered":"https:\/\/kontakt\/?lang=fr"},"modified":"2025-10-27T10:02:24","modified_gmt":"2025-10-27T10:02:24","slug":"kontakt","status":"publish","type":"page","link":"https:\/\/weidstuebli.ch\/fr\/kontakt\/","title":{"rendered":"Contact"},"content":{"rendered":"<div class=\"wpb-content-wrapper\"><p>[vc_row gap=\u00a0\u00bb20&Prime;][vc_column width=\u00a0\u00bb1\/3&Prime;]<div class=\"dt-fancy-separator title-left h3-size\" style=\"width: 100%;\"><div class=\"dt-fancy-title\" style=\"color: #000000;\"><span class=\"separator-holder separator-left\"><\/span>\u00c8crivez-nous<span class=\"separator-holder separator-right\"><\/span><\/div><\/div>[vc_empty_space][vc_column_text]<\/p>\n<p class=\"p1\">\n<div class=\"wpcf7 no-js\" id=\"wpcf7-f277-o1\" lang=\"fr-FR\" dir=\"ltr\" data-wpcf7-id=\"277\">\n<div class=\"screen-reader-response\"><p role=\"status\" aria-live=\"polite\" aria-atomic=\"true\"><\/p> <ul><\/ul><\/div>\n<form action=\"\/fr\/wp-json\/wp\/v2\/pages\/246#wpcf7-f277-o1\" method=\"post\" class=\"wpcf7-form init\" aria-label=\"Formulaire de contact\" novalidate=\"novalidate\" data-status=\"init\">\n<fieldset class=\"hidden-fields-container\"><input type=\"hidden\" name=\"_wpcf7\" value=\"277\" \/><input type=\"hidden\" name=\"_wpcf7_version\" value=\"6.1.5\" \/><input type=\"hidden\" name=\"_wpcf7_locale\" value=\"fr_FR\" \/><input type=\"hidden\" name=\"_wpcf7_unit_tag\" value=\"wpcf7-f277-o1\" \/><input type=\"hidden\" name=\"_wpcf7_container_post\" value=\"0\" \/><input type=\"hidden\" name=\"_wpcf7_posted_data_hash\" value=\"\" \/><input type=\"hidden\" name=\"_wpcf7_recaptcha_response\" value=\"\" \/>\n<\/fieldset>\n<p>Votre nom (obligatoire)\n<\/p>\n<p><span class=\"wpcf7-form-control-wrap\" data-name=\"your-name\"><input size=\"40\" maxlength=\"400\" class=\"wpcf7-form-control wpcf7-text wpcf7-validates-as-required\" aria-required=\"true\" aria-invalid=\"false\" value=\"\" type=\"text\" name=\"your-name\" \/><\/span>\n<\/p>\n<p>Votre email (obligatoire)\n<\/p>\n<p><span class=\"wpcf7-form-control-wrap\" data-name=\"your-email\"><input size=\"40\" maxlength=\"400\" class=\"wpcf7-form-control wpcf7-email wpcf7-validates-as-required wpcf7-text wpcf7-validates-as-email\" aria-required=\"true\" aria-invalid=\"false\" value=\"\" type=\"email\" name=\"your-email\" \/><\/span>\n<\/p>\n<p>Votre num\u00e9ro de mobile (obligatoire)\n<\/p>\n<p><span class=\"wpcf7-form-control-wrap\" data-name=\"your-number\"><input size=\"40\" maxlength=\"400\" class=\"wpcf7-form-control wpcf7-text wpcf7-validates-as-required\" aria-required=\"true\" aria-invalid=\"false\" value=\"\" type=\"text\" name=\"your-number\" \/><\/span>\n<\/p>\n<p>Sujet\n<\/p>\n<p><span class=\"wpcf7-form-control-wrap\" data-name=\"your-subject\"><input size=\"40\" maxlength=\"400\" class=\"wpcf7-form-control wpcf7-text\" aria-invalid=\"false\" value=\"\" type=\"text\" name=\"your-subject\" \/><\/span>\n<\/p>\n<p>Votre message\n<\/p>\n<p><span class=\"wpcf7-form-control-wrap\" data-name=\"your-message\"><textarea cols=\"40\" rows=\"10\" maxlength=\"2000\" class=\"wpcf7-form-control wpcf7-textarea\" aria-invalid=\"false\" name=\"your-message\"><\/textarea><\/span>\n<\/p>\n<p><input class=\"wpcf7-form-control wpcf7-submit has-spinner\" type=\"submit\" value=\"Envoyer\" \/>\n<\/p><div class=\"wpcf7-response-output\" aria-hidden=\"true\"><\/div>\n<\/form>\n<\/div>\n<p>[\/vc_column_text][vc_empty_space][\/vc_column][vc_column width=\u00a0\u00bb1\/3&Prime;][vc_empty_space]<div class=\"dt-fancy-separator title-left h3-size\" style=\"width: 100%;\"><div class=\"dt-fancy-title\" style=\"color: #000000;\"><span class=\"separator-holder separator-left\"><\/span>Adresse<span class=\"separator-holder separator-right\"><\/span><\/div><\/div>[vc_column_text]Restaurant Weidst\u00fcbli<br \/>\nFam. Severin &amp; Graziella Collenberg-Grichting<br \/>\n3954 Leukerbad<br \/>\nTel. +41 76 399 19 72<br \/>\ninfo @ weidstuebli.ch<\/p>\n<p>[\/vc_column_text][vc_empty_space][vc_raw_html]JTNDaWZyYW1lJTIwc3JjJTNEJTIyaHR0cHMlM0ElMkYlMkZ3d3cuZ29vZ2xlLmNvbSUyRm1hcHMlMkZlbWJlZCUzRnBiJTNEJTIxMW0xNCUyMTFtOCUyMTFtMyUyMTFkMTEwMDkuNjk0NTE3NzYxMTI1JTIxMmQ3LjYzNjYwNDklMjEzZDQ2LjM4MDgyMjMlMjEzbTIlMjExaTEwMjQlMjEyaTc2OCUyMTRmMTMuMSUyMTNtMyUyMTFtMiUyMTFzMHgwJTI1M0EweDVhOGNhNTVlMzRiOWU2NTklMjEyc1dFSURTVCUyNUMzJTI1OUNCTEklMjUyMC0lMjUyMERBUyUyNTIwQkVSR1JFU1RBVVJBTlQlMjUyMElOJTI1MjBMRVVLRVJCQUQlMjE1ZTAlMjEzbTIlMjExc2RlJTIxMnNjaCUyMTR2MTY0Mzk2NjIzOTg5MCUyMTVtMiUyMTFzZGUlMjEyc2NoJTIyJTIwd2lkdGglM0QlMjI2MDAlMjIlMjBoZWlnaHQlM0QlMjI0NTAlMjIlMjBzdHlsZSUzRCUyMmJvcmRlciUzQTAlM0IlMjIlMjBhbGxvd2Z1bGxzY3JlZW4lM0QlMjIlMjIlMjBsb2FkaW5nJTNEJTIybGF6eSUyMiUzRSUzQyUyRmlmcmFtZSUzRQ==[\/vc_raw_html][vc_empty_space][\/vc_column][vc_column width=\u00a0\u00bb1\/3&Prime;]<div class=\"dt-fancy-separator title-left h3-size\" style=\"width: 100%;\"><div class=\"dt-fancy-title\" style=\"color: #000000;\"><span class=\"separator-holder separator-left\"><\/span>Comment nous trouver<span class=\"separator-holder separator-right\"><\/span><\/div><\/div>[vc_empty_space][vc_tta_tabs style=\u00a0\u00bbmodern\u00a0\u00bb color=\u00a0\u00bbwhite\u00a0\u00bb spacing=\u00a0\u00bb2&Prime; active_section=\u00a0\u00bb1&Prime; no_fill_content_area=\u00a0\u00bbtrue\u00a0\u00bb][vc_tta_section i_icon_fontawesome=\u00a0\u00bbfa fa-asterisk\u00a0\u00bb add_icon=\u00a0\u00bbtrue\u00a0\u00bb title=\u00a0\u00bbHIVER\u00a0\u00bb tab_id=\u00a0\u00bbHIVER\u00a0\u00bb][vc_column_text]<\/p>\n<p>Le restaurant Weidst\u00fcbli est situ\u00e9 directement sur la piste du Torrent \u00e0 Lo\u00e8che-les-Bains. Vous pouvez \u00e9galement nous rejoindre depuis le centre du village, en marchant environ 30 minutes\u00a0: prendre le bus \u00e0 l\u2019arr\u00eat \u00ab\u00a0Ringjet\u00a0\u00bb jusqu\u2019\u00e0 l&rsquo;arr\u00eat \u00ab\u00a0L\u00e4rchwald\u00a0\u00bb puis marcher le long du sentier du torrent.<\/p>\n<p>[\/vc_column_text][vc_empty_space][vc_single_image image=\u00a0\u00bb956&Prime; img_size=\u00a0\u00bbfull\u00a0\u00bb alignment=\u00a0\u00bbcenter\u00a0\u00bb img_link_large=\u00a0\u00bbyes\u00a0\u00bb][\/vc_tta_section][vc_tta_section i_icon_fontawesome=\u00a0\u00bbfa fa-sun-o\u00a0\u00bb add_icon=\u00a0\u00bbtrue\u00a0\u00bb title=\u00a0\u00bb\u00c9T\u00c9\u00a0\u00bb tab_id=\u00a0\u00bb\u00c9T\u00c9\u00a0\u00bb][vc_column_text]Le\u00a0Weidst\u00fcbli restaurant est situ\u00e9 dans le c\u0153ur des sentiers de randonn\u00e9e. Divers sentiers vous m\u00e8neront \u00e0 nous. Il y a trois chemins possibles:<\/p>\n<ul>\n<li>\u00c0 travers la passerelle de source thermique vers Majingsee (approx.1h30 min.)<\/li>\n<li>Depuis le centre du village, prendre le bus \u00e0 l\u2019arr\u00eat \u00ab\u00a0Ringjet\u00a0\u00bb jusqu\u2019\u00e0 l\u2019arr\u00eat \u201eL\u00e4rchwald\u201c, puis prendre le sentier du torrent (environ 30 min.).<\/li>\n<li>Prendre le chemin de descente (en direction de Lo\u00e8che-les-Bains) \u00e0 travers le tunnel du Folljeret<\/li>\n<\/ul>\n<p>[\/vc_column_text][vc_empty_space][vc_single_image image=\u00a0\u00bb904&Prime; img_size=\u00a0\u00bbfull\u00a0\u00bb alignment=\u00a0\u00bbcenter\u00a0\u00bb img_link_large=\u00a0\u00bbyes\u00a0\u00bb][\/vc_tta_section][\/vc_tta_tabs][\/vc_column][\/vc_row][vc_row][vc_column][vc_column_text]<br \/>\n[\/vc_column_text][\/vc_column][\/vc_row]<\/p>\n<\/div>","protected":false},"excerpt":{"rendered":"<p>[vc_row gap=\u00a0\u00bb20&Prime;][vc_column width=\u00a0\u00bb1\/3&Prime;][vc_empty_space][vc_column_text] [\/vc_column_text][vc_empty_space][\/vc_column][vc_column width=\u00a0\u00bb1\/3&Prime;][vc_empty_space][vc_column_text]Restaurant Weidst\u00fcbli Fam. Severin &amp; Graziella Collenberg-Grichting 3954 Leukerbad Tel. +41 76 399 19 72 info @ weidstuebli.ch [\/vc_column_text][vc_empty_space][vc_raw_html]JTNDaWZyYW1lJTIwc3JjJTNEJTIyaHR0cHMlM0ElMkYlMkZ3d3cuZ29vZ2xlLmNvbSUyRm1hcHMlMkZlbWJlZCUzRnBiJTNEJTIxMW0xNCUyMTFtOCUyMTFtMyUyMTFkMTEwMDkuNjk0NTE3NzYxMTI1JTIxMmQ3LjYzNjYwNDklMjEzZDQ2LjM4MDgyMjMlMjEzbTIlMjExaTEwMjQlMjEyaTc2OCUyMTRmMTMuMSUyMTNtMyUyMTFtMiUyMTFzMHgwJTI1M0EweDVhOGNhNTVlMzRiOWU2NTklMjEyc1dFSURTVCUyNUMzJTI1OUNCTEklMjUyMC0lMjUyMERBUyUyNTIwQkVSR1JFU1RBVVJBTlQlMjUyMElOJTI1MjBMRVVLRVJCQUQlMjE1ZTAlMjEzbTIlMjExc2RlJTIxMnNjaCUyMTR2MTY0Mzk2NjIzOTg5MCUyMTVtMiUyMTFzZGUlMjEyc2NoJTIyJTIwd2lkdGglM0QlMjI2MDAlMjIlMjBoZWlnaHQlM0QlMjI0NTAlMjIlMjBzdHlsZSUzRCUyMmJvcmRlciUzQTAlM0IlMjIlMjBhbGxvd2Z1bGxzY3JlZW4lM0QlMjIlMjIlMjBsb2FkaW5nJTNEJTIybGF6eSUyMiUzRSUzQyUyRmlmcmFtZSUzRQ==[\/vc_raw_html][vc_empty_space][\/vc_column][vc_column width=\u00a0\u00bb1\/3&Prime;][vc_empty_space][vc_tta_tabs style=\u00a0\u00bbmodern\u00a0\u00bb color=\u00a0\u00bbwhite\u00a0\u00bb spacing=\u00a0\u00bb2&Prime; active_section=\u00a0\u00bb1&Prime; no_fill_content_area=\u00a0\u00bbtrue\u00a0\u00bb][vc_tta_section i_icon_fontawesome=\u00a0\u00bbfa fa-asterisk\u00a0\u00bb add_icon=\u00a0\u00bbtrue\u00a0\u00bb title=\u00a0\u00bbHIVER\u00a0\u00bb tab_id=\u00a0\u00bbHIVER\u00a0\u00bb][vc_column_text] Le restaurant Weidst\u00fcbli est situ\u00e9 directement sur la piste du Torrent \u00e0 Lo\u00e8che-les-Bains. Vous pouvez \u00e9galement nous rejoindre depuis le centre&hellip;<\/p>\n","protected":false},"author":1,"featured_media":0,"parent":0,"menu_order":0,"comment_status":"closed","ping_status":"closed","template":"","meta":{"footnotes":""},"class_list":["post-246","page","type-page","status-publish","hentry","description-off"],"_links":{"self":[{"href":"https:\/\/weidstuebli.ch\/fr\/wp-json\/wp\/v2\/pages\/246","targetHints":{"allow":["GET"]}}],"collection":[{"href":"https:\/\/weidstuebli.ch\/fr\/wp-json\/wp\/v2\/pages"}],"about":[{"href":"https:\/\/weidstuebli.ch\/fr\/wp-json\/wp\/v2\/types\/page"}],"author":[{"embeddable":true,"href":"https:\/\/weidstuebli.ch\/fr\/wp-json\/wp\/v2\/users\/1"}],"replies":[{"embeddable":true,"href":"https:\/\/weidstuebli.ch\/fr\/wp-json\/wp\/v2\/comments?post=246"}],"version-history":[{"count":29,"href":"https:\/\/weidstuebli.ch\/fr\/wp-json\/wp\/v2\/pages\/246\/revisions"}],"predecessor-version":[{"id":1772,"href":"https:\/\/weidstuebli.ch\/fr\/wp-json\/wp\/v2\/pages\/246\/revisions\/1772"}],"wp:attachment":[{"href":"https:\/\/weidstuebli.ch\/fr\/wp-json\/wp\/v2\/media?parent=246"}],"curies":[{"name":"wp","href":"https:\/\/api.w.org\/{rel}","templated":true}]}}