{"id":249,"date":"2015-08-19T04:23:47","date_gmt":"2015-08-19T04:23:47","guid":{"rendered":"https:\/\/sample-page\/?lang=fr"},"modified":"2025-10-27T10:02:05","modified_gmt":"2025-10-27T10:02:05","slug":"sample-page","status":"publish","type":"page","link":"https:\/\/weidstuebli.ch\/fr\/","title":{"rendered":"Bienvenue"},"content":{"rendered":"<div class=\"wpb-content-wrapper\"><p>[vc_row][vc_column]<div class=\"dt-fancy-separator h3-size style-disabled\" style=\"width: 100%;\"><div class=\"dt-fancy-title\" style=\"color: #000000;\"><span class=\"separator-holder separator-left\"><\/span>Nous sommes heureux de vous accueillir au restaurant Weidst\u00fcbli !<span class=\"separator-holder separator-right\"><\/span><\/div><\/div>[vc_empty_space][vc_column_text]<\/p>\n<p style=\"text-align: center;\">Faire du ski, de la raquette, de la randonn\u00e9e et du VTT dans un splendide paysage alpin, tout en d\u00e9gustant de d\u00e9licieux mets est d\u00e9sormais possible au restaurant Weidst\u00fcbli\u00a0!\u00a0Laissez-vous surprendre par la vue imprenable sur l\u2019ar\u00e8ne rocheuse\u00a0! Laissez-vous envouter par le parfum des for\u00eats de montagne\u00a0! Relaxez-vous sur notre terrasse ensoleill\u00e9e ou dans notre magnifique salon rustique\u00a0!\u00a0Ce refuge de montagne raffin\u00e9 offre une atmosph\u00e8re id\u00e9ale pour vous d\u00e9tendre.<br \/>\nNotre cabane saura vous charmer par son atmosph\u00e8re conviviale et relaxante.<\/p>\n<p style=\"text-align: center;\">Venez nous rendre visite et vivez l&rsquo;esprit de la montagne.<\/p>\n<p>[\/vc_column_text][vc_single_image image=\u00a0\u00bb965&Prime; img_size=\u00a0\u00bb200&#215;96&Prime; alignment=\u00a0\u00bbcenter\u00a0\u00bb onclick=\u00a0\u00bbcustom_link\u00a0\u00bb img_link_target=\u00a0\u00bb_blank\u00a0\u00bb link=\u00a0\u00bbhttps:\/\/www.tripadvisor.ch\/Restaurant_Review-g198859-d8659901-Reviews-Restaurant_Weidstubli-Leukerbad_Canton_of_Valais_Swiss_Alps.html\u00a0\u00bb][vc_empty_space][vc_empty_space height=\u00a0\u00bb50px\u00a0\u00bb][\/vc_column][\/vc_row][vc_row full_width=\u00a0\u00bbtrue\u00a0\u00bb][vc_column width=\u00a0\u00bb1\/3&Prime;][\/vc_column][vc_column width=\u00a0\u00bb1\/3&Prime;][vc_tta_tabs style=\u00a0\u00bbmodern\u00a0\u00bb color=\u00a0\u00bbwhite\u00a0\u00bb gap=\u00a0\u00bb2&Prime; alignment=\u00a0\u00bbcenter\u00a0\u00bb active_section=\u00a0\u00bb2&Prime; no_fill_content_area=\u00a0\u00bbtrue\u00a0\u00bb][vc_tta_section i_icon_fontawesome=\u00a0\u00bbfa fa-asterisk\u00a0\u00bb add_icon=\u00a0\u00bbtrue\u00a0\u00bb title=\u00a0\u00bbHIVER\u00a0\u00bb tab_id=\u00a0\u00bbhiver\u00a0\u00bb][vc_empty_space]<div class=\"dt-fancy-separator h3-size style-disabled\" style=\"width: 100%;\"><div class=\"dt-fancy-title\" style=\"color: #000000;\"><span class=\"separator-holder separator-left\"><\/span>Nos heures d&#039;ouverture<span class=\"separator-holder separator-right\"><\/span><\/div><\/div>[vc_empty_space][vc_column_text css=\u00a0\u00bb\u00a0\u00bb]<\/p>\n<p style=\"text-align: center;\">20 d\u00e9cembre 2025 jusqu&rsquo;au 06 avril 2026<\/p>\n<p style=\"text-align: center;\">Ouvert tous les jours <strong>de 09h30 \u00e0 18h00<\/strong><\/p>\n<p>[\/vc_column_text][\/vc_tta_section][vc_tta_section i_icon_fontawesome=\u00a0\u00bbfa fa-sun-o\u00a0\u00bb add_icon=\u00a0\u00bbtrue\u00a0\u00bb title=\u00a0\u00bb\u00c9T\u00c9\u00a0\u00bb tab_id=\u00a0\u00bb\u00e9t\u00e9\u00a0\u00bb][vc_empty_space]<div class=\"dt-fancy-separator h3-size style-disabled\" style=\"width: 100%;\"><div class=\"dt-fancy-title\" style=\"color: #000000;\"><span class=\"separator-holder separator-left\"><\/span>Nos heures d&#039;ouverture<span class=\"separator-holder separator-right\"><\/span><\/div><\/div>[vc_empty_space][vc_column_text css=\u00a0\u00bb\u00a0\u00bb]<\/p>\n<p style=\"text-align: center;\">29 mai 2025 jusqu&rsquo;au 02 novembre 2025<\/p>\n<p style=\"text-align: center;\"><strong>9h30-18h00<\/strong><\/p>\n<p style=\"text-align: center;\">Mercredi: FERM\u00c9<\/p>\n<p>[\/vc_column_text][\/vc_tta_section][\/vc_tta_tabs][vc_row_inner][vc_column_inner][vc_empty_space][vc_column_text]<\/p>\n<p style=\"text-align: center;\">Les horaires d&rsquo;ouverture peuvent \u00eatre prolong\u00e9s pour les groupes d\u00e8s 10 personnes.<\/p>\n<p>[\/vc_column_text][\/vc_column_inner][\/vc_row_inner][\/vc_column][vc_column width=\u00a0\u00bb1\/3&Prime;][\/vc_column][\/vc_row]<\/p>\n<\/div>","protected":false},"excerpt":{"rendered":"<p>[vc_row][vc_column][vc_empty_space][vc_column_text] Faire du ski, de la raquette, de la randonn\u00e9e et du VTT dans un splendide paysage alpin, tout en d\u00e9gustant de d\u00e9licieux mets est d\u00e9sormais possible au restaurant Weidst\u00fcbli\u00a0!\u00a0Laissez-vous surprendre par la vue imprenable sur l\u2019ar\u00e8ne rocheuse\u00a0! Laissez-vous envouter par le parfum des for\u00eats de montagne\u00a0! Relaxez-vous sur notre terrasse ensoleill\u00e9e ou dans notre&hellip;<\/p>\n","protected":false},"author":1,"featured_media":0,"parent":0,"menu_order":0,"comment_status":"closed","ping_status":"closed","template":"","meta":{"footnotes":""},"class_list":["post-249","page","type-page","status-publish","hentry","description-off"],"_links":{"self":[{"href":"https:\/\/weidstuebli.ch\/fr\/wp-json\/wp\/v2\/pages\/249","targetHints":{"allow":["GET"]}}],"collection":[{"href":"https:\/\/weidstuebli.ch\/fr\/wp-json\/wp\/v2\/pages"}],"about":[{"href":"https:\/\/weidstuebli.ch\/fr\/wp-json\/wp\/v2\/types\/page"}],"author":[{"embeddable":true,"href":"https:\/\/weidstuebli.ch\/fr\/wp-json\/wp\/v2\/users\/1"}],"replies":[{"embeddable":true,"href":"https:\/\/weidstuebli.ch\/fr\/wp-json\/wp\/v2\/comments?post=249"}],"version-history":[{"count":54,"href":"https:\/\/weidstuebli.ch\/fr\/wp-json\/wp\/v2\/pages\/249\/revisions"}],"predecessor-version":[{"id":1770,"href":"https:\/\/weidstuebli.ch\/fr\/wp-json\/wp\/v2\/pages\/249\/revisions\/1770"}],"wp:attachment":[{"href":"https:\/\/weidstuebli.ch\/fr\/wp-json\/wp\/v2\/media?parent=249"}],"curies":[{"name":"wp","href":"https:\/\/api.w.org\/{rel}","templated":true}]}}