{"id":256,"date":"2015-08-25T07:20:32","date_gmt":"2015-08-25T07:20:32","guid":{"rendered":"https:\/\/speisen-weine\/?lang=fr"},"modified":"2025-10-27T10:02:52","modified_gmt":"2025-10-27T10:02:52","slug":"speisen-weine","status":"publish","type":"page","link":"https:\/\/weidstuebli.ch\/fr\/speisen-weine\/","title":{"rendered":"Cuisine &#038; Vins"},"content":{"rendered":"<div class=\"wpb-content-wrapper\"><p>[vc_row][vc_column]<div class=\"dt-fancy-separator h3-size\" style=\"width: 100%;\"><div class=\"dt-fancy-title\" style=\"color: #000000;\"><span class=\"separator-holder separator-left\"><\/span>Une vraie perle culinaire situ\u00e8 \u00e0 1529 m\u00e9tres d\u2019altitude !<span class=\"separator-holder separator-right\"><\/span><\/div><\/div>[vc_empty_space][vc_column_text]<\/p>\n<p style=\"text-align: center;\">Laissez-vous tenter par des menus dignes d\u2019une cabane de refuge\u00a0! Laissez-vous surprendre par des cr\u00e9ations hors du commun\u00a0! Notre cuisine est suisse, contemporaine, l\u00e9g\u00e8re et r\u00e9gionale. Nous nous engageons \u00e0 utiliser des produits frais et locaux.<\/p>\n<p style=\"text-align: center;\">La richesse gastronomique du Valais est \u00e9galement pr\u00e9sente gr\u00e2ce \u00e0 notre s\u00e9lection de vins r\u00e9gionaux.<\/p>\n<p>[\/vc_column_text][vc_empty_space height=\u00a0\u00bb50px\u00a0\u00bb][\/vc_column][\/vc_row][vc_row][vc_column]<div class=\"dt-fancy-separator h3-size\" style=\"width: 100%;\"><div class=\"dt-fancy-title\" style=\"color: #000000;\"><span class=\"separator-holder separator-left\"><\/span>Notre menu<span class=\"separator-holder separator-right\"><\/span><\/div><\/div>[vc_empty_space][\/vc_column][\/vc_row][vc_row][vc_column width=\u00a0\u00bb1\/4&Prime;][vc_column_text]<br \/>\n[\/vc_column_text][\/vc_column][vc_column width=\u00a0\u00bb1\/2&Prime;][vc_tta_tabs style=\u00a0\u00bbflat\u00a0\u00bb color=\u00a0\u00bbwhite\u00a0\u00bb alignment=\u00a0\u00bbcenter\u00a0\u00bb active_section=\u00a0\u00bb1&Prime;][vc_tta_section title=\u00a0\u00bbHIVER\u00a0\u00bb tab_id=\u00a0\u00bbhiver\u00a0\u00bb][vc_column_text css=\u00a0\u00bb\u00a0\u00bb]<\/p>\n<p style=\"text-align: center;\">Voici un extrait de nos plats pour la saison hivernale<\/p>\n<p style=\"text-align: center;\">Salade saucisse-fromage<\/p>\n<p style=\"text-align: center;\">Tartare de boeuf<\/p>\n<p style=\"text-align: center;\">Assiette valaisanne<\/p>\n<p style=\"text-align: center;\">Fromage de reibbes avec noix<\/p>\n<p style=\"text-align: center;\">Pulled Porc Burger<\/p>\n<p style=\"text-align: center;\">Fondue aux herbes<\/p>\n<p style=\"text-align: center;\">Fondue de tomate<\/p>\n<p style=\"text-align: center;\">Macaroni montagnard fa\u00e7on Weidst\u00fcbli<\/p>\n<p style=\"text-align: center;\">R\u00f6sti montagnard<\/p>\n<p style=\"text-align: center;\">Nous serions heureux de vous envoyer notre carte des mets et vins par e-mail en PDF<\/p>\n<p>[\/vc_column_text][\/vc_tta_section][vc_tta_section title=\u00a0\u00bb\u00c9T\u00c9\u00a0\u00bb tab_id=\u00a0\u00bbete\u00a0\u00bb][vc_column_text css=\u00a0\u00bb\u00a0\u00bb]<\/p>\n<p style=\"text-align: center;\">Une s\u00e9lection de notre cuisine fraiche pour les chaudes journ\u00e9es d\u2019\u00e9t\u00e9<\/p>\n<p style=\"text-align: center;\">Tatar de boeuf | Tomates s\u00e9ch\u00e9es | Olives | Basilic<\/p>\n<p style=\"text-align: center;\">Fromage \u00e0\u00a0rebibes de la r\u00e9gion<\/p>\n<p style=\"text-align: center;\">Spaghetti \u00ab\u00a0Weidst\u00fcbli\u00a0\u00bb<\/p>\n<p style=\"text-align: center;\">Escalope \u00ab\u00a0Viennoise\u00a0\u00bb<\/p>\n<p style=\"text-align: center;\">Nous serions heureux de vous envoyer notre carte des mets et vins par e-mail en PDF<\/p>\n<p>[\/vc_column_text][\/vc_tta_section][\/vc_tta_tabs][\/vc_column][vc_column width=\u00a0\u00bb1\/4&Prime;][vc_column_text]<br \/>\n[\/vc_column_text][\/vc_column][\/vc_row]<\/p>\n<\/div>","protected":false},"excerpt":{"rendered":"<p>[vc_row][vc_column][vc_empty_space][vc_column_text] Laissez-vous tenter par des menus dignes d\u2019une cabane de refuge\u00a0! Laissez-vous surprendre par des cr\u00e9ations hors du commun\u00a0! Notre cuisine est suisse, contemporaine, l\u00e9g\u00e8re et r\u00e9gionale. Nous nous engageons \u00e0 utiliser des produits frais et locaux. La richesse gastronomique du Valais est \u00e9galement pr\u00e9sente gr\u00e2ce \u00e0 notre s\u00e9lection de vins r\u00e9gionaux. [\/vc_column_text][vc_empty_space height=\u00a0\u00bb50px\u00a0\u00bb][\/vc_column][\/vc_row][vc_row][vc_column][vc_empty_space][\/vc_column][\/vc_row][vc_row][vc_column width=\u00a0\u00bb1\/4&Prime;][vc_column_text]&hellip;<\/p>\n","protected":false},"author":1,"featured_media":0,"parent":0,"menu_order":0,"comment_status":"closed","ping_status":"closed","template":"","meta":{"footnotes":""},"class_list":["post-256","page","type-page","status-publish","hentry","description-off"],"_links":{"self":[{"href":"https:\/\/weidstuebli.ch\/fr\/wp-json\/wp\/v2\/pages\/256","targetHints":{"allow":["GET"]}}],"collection":[{"href":"https:\/\/weidstuebli.ch\/fr\/wp-json\/wp\/v2\/pages"}],"about":[{"href":"https:\/\/weidstuebli.ch\/fr\/wp-json\/wp\/v2\/types\/page"}],"author":[{"embeddable":true,"href":"https:\/\/weidstuebli.ch\/fr\/wp-json\/wp\/v2\/users\/1"}],"replies":[{"embeddable":true,"href":"https:\/\/weidstuebli.ch\/fr\/wp-json\/wp\/v2\/comments?post=256"}],"version-history":[{"count":107,"href":"https:\/\/weidstuebli.ch\/fr\/wp-json\/wp\/v2\/pages\/256\/revisions"}],"predecessor-version":[{"id":1773,"href":"https:\/\/weidstuebli.ch\/fr\/wp-json\/wp\/v2\/pages\/256\/revisions\/1773"}],"wp:attachment":[{"href":"https:\/\/weidstuebli.ch\/fr\/wp-json\/wp\/v2\/media?parent=256"}],"curies":[{"name":"wp","href":"https:\/\/api.w.org\/{rel}","templated":true}]}}