{"id":258,"date":"2015-08-25T07:21:20","date_gmt":"2015-08-25T07:21:20","guid":{"rendered":"https:\/\/familien\/?lang=fr"},"modified":"2015-10-19T08:49:48","modified_gmt":"2015-10-19T08:49:48","slug":"familien","status":"publish","type":"page","link":"https:\/\/weidstuebli.ch\/fr\/familien\/","title":{"rendered":"Familles"},"content":{"rendered":"<div class=\"wpb-content-wrapper\"><p>[vc_row][vc_column]<div class=\"dt-fancy-separator h3-size\" style=\"width: 100%;\"><div class=\"dt-fancy-title\" style=\"color: #000000;\"><span class=\"separator-holder separator-left\"><\/span>L\u2019exp\u00e8rience que nous vous ferons vivre saura amuser vos enfants !<span class=\"separator-holder separator-right\"><\/span><\/div><\/div>[vc_empty_space][vc_column_text]<\/p>\n<p style=\"text-align: center;\">Apr\u00e8s une courte randonn\u00e9e, les parents pourront se d\u00e9tendre tranquillement sur notre terrasse ensoleill\u00e9e pendant que les jeunes \u00ab\u00a0montagnards\u00a0\u00bb construiront des ch\u00e2teaux dans le bac \u00e0 sable et pomperont de l\u2019eau pour cr\u00e9er des barrages dans le petit parc \u00e0 eau du restaurant.\u00a0Vos enfants pourront \u00e9galement apprendre \u00e0 se tenir en \u00e9quilibre sur la \u201eSlackline\u201c, s\u2019amuser sur le toboggan, escalader le petit mur de grimpe ou encore sauter de joie sur le trampoline. En hiver, profitez de descendre en luge depuis le restaurant Weidst\u00fcbli jusqu\u2019\u00e0 Lo\u00e8che-les-Bains. Cette descente est tr\u00e8s populaire chez les enfants comme chez les adultes.<\/p>\n<p style=\"text-align: center;\">Vous aurez la possibilit\u00e9 de louer des luges directement au refuge.<\/p>\n<p>[\/vc_column_text][\/vc_column][\/vc_row]<\/p>\n<\/div>","protected":false},"excerpt":{"rendered":"<p>[vc_row][vc_column][vc_empty_space][vc_column_text] Apr\u00e8s une courte randonn\u00e9e, les parents pourront se d\u00e9tendre tranquillement sur notre terrasse ensoleill\u00e9e pendant que les jeunes \u00ab\u00a0montagnards\u00a0\u00bb construiront des ch\u00e2teaux dans le bac \u00e0 sable et pomperont de l\u2019eau pour cr\u00e9er des barrages dans le petit parc \u00e0 eau du restaurant.\u00a0Vos enfants pourront \u00e9galement apprendre \u00e0 se tenir en \u00e9quilibre sur la&hellip;<\/p>\n","protected":false},"author":1,"featured_media":0,"parent":0,"menu_order":0,"comment_status":"closed","ping_status":"closed","template":"","meta":{"footnotes":""},"class_list":["post-258","page","type-page","status-publish","hentry","description-off"],"_links":{"self":[{"href":"https:\/\/weidstuebli.ch\/fr\/wp-json\/wp\/v2\/pages\/258","targetHints":{"allow":["GET"]}}],"collection":[{"href":"https:\/\/weidstuebli.ch\/fr\/wp-json\/wp\/v2\/pages"}],"about":[{"href":"https:\/\/weidstuebli.ch\/fr\/wp-json\/wp\/v2\/types\/page"}],"author":[{"embeddable":true,"href":"https:\/\/weidstuebli.ch\/fr\/wp-json\/wp\/v2\/users\/1"}],"replies":[{"embeddable":true,"href":"https:\/\/weidstuebli.ch\/fr\/wp-json\/wp\/v2\/comments?post=258"}],"version-history":[{"count":4,"href":"https:\/\/weidstuebli.ch\/fr\/wp-json\/wp\/v2\/pages\/258\/revisions"}],"predecessor-version":[{"id":295,"href":"https:\/\/weidstuebli.ch\/fr\/wp-json\/wp\/v2\/pages\/258\/revisions\/295"}],"wp:attachment":[{"href":"https:\/\/weidstuebli.ch\/fr\/wp-json\/wp\/v2\/media?parent=258"}],"curies":[{"name":"wp","href":"https:\/\/api.w.org\/{rel}","templated":true}]}}