{"id":263,"date":"2015-08-25T07:22:20","date_gmt":"2015-08-25T07:22:20","guid":{"rendered":"https:\/\/anlaesse\/?lang=fr"},"modified":"2025-10-27T10:03:06","modified_gmt":"2025-10-27T10:03:06","slug":"anlaesse","status":"publish","type":"page","link":"https:\/\/weidstuebli.ch\/fr\/anlaesse\/","title":{"rendered":"\u00c9v\u00e9nements"},"content":{"rendered":"<div class=\"wpb-content-wrapper\"><p>[vc_row][vc_column]<div class=\"dt-fancy-separator h3-size\" style=\"width: 100%;\"><div class=\"dt-fancy-title\" style=\"color: #000000;\"><span class=\"separator-holder separator-left\"><\/span>Votre \u00e9v\u00e9nement pour des moments inoubliables!<span class=\"separator-holder separator-right\"><\/span><\/div><\/div>[vc_empty_space][vc_column_text]<\/p>\n<p style=\"text-align: center;\">Envisagez-vous une soir\u00e9e priv\u00e9e ou familiale\u00a0? Une sortie de club ou un \u00e9v\u00e8nement d&rsquo;entreprise?<\/p>\n<p style=\"text-align: center;\">Souhaitez-vous d\u00e9guster un festin dans un environnement unique avec des paysages magnifiques?<\/p>\n<p style=\"text-align: center;\">Nous nous ferons un plaisir d&rsquo;organiser, avec passion, votre occasion sp\u00e9ciale.<\/p>\n<p>[\/vc_column_text][\/vc_column][\/vc_row][vc_row][vc_column][vc_empty_space height=\u00a0\u00bb50px\u00a0\u00bb]<div class=\"dt-fancy-separator h3-size\" style=\"width: 100%;\"><div class=\"dt-fancy-title\" style=\"color: #000000;\"><span class=\"separator-holder separator-left\"><\/span>Nos \u00e8v\u00e8nements<span class=\"separator-holder separator-right\"><\/span><\/div><\/div>[vc_empty_space][vc_tta_tabs style=\u00a0\u00bbmodern\u00a0\u00bb color=\u00a0\u00bbwhite\u00a0\u00bb alignment=\u00a0\u00bbcenter\u00a0\u00bb active_section=\u00a0\u00bb1&Prime; no_fill_content_area=\u00a0\u00bbtrue\u00a0\u00bb][vc_tta_section i_icon_fontawesome=\u00a0\u00bbfa fa-asterisk\u00a0\u00bb add_icon=\u00a0\u00bbtrue\u00a0\u00bb title=\u00a0\u00bbHIVER\u00a0\u00bb tab_id=\u00a0\u00bbhiver\u00a0\u00bb][vc_empty_space][vc_row_inner][vc_column_inner width=\u00a0\u00bb1\/2&Prime;]<div class=\"dt-fancy-separator title-left h3-size\" style=\"width: 100%;\"><div class=\"dt-fancy-title\" style=\"color: #000000;\"><span class=\"separator-holder separator-left\"><\/span>NOUVEL AN<span class=\"separator-holder separator-right\"><\/span><\/div><\/div>[vc_empty_space][vc_column_text css=\u00a0\u00bb\u00a0\u00bb]C\u00e9l\u00e9brez le nouvel an dans une atmosph\u00e8re traditionnelle de chalet de montagne.<\/p>\n<p>MENU<\/p>\n<p>*******<\/p>\n<p>Carpaccio de la viande s\u00e9ch\u00e9e valaisanne avec fromage d&rsquo;alpage, abricots s\u00e9ch\u00e9s et roquette avec la vinaigrette \u00e0\u00a0l&rsquo;huile de noix<\/p>\n<p>***<\/p>\n<p>Raclettes avec trois divers fromage d&rsquo;alpages Valaisanne<\/p>\n<p>Avec une salade de tomates et d\u2019oignions, pommes de terre bouillies, cornichons et oignons marin\u00e9s<\/p>\n<p>***<\/p>\n<p>Salade de fruits frais avec un \u00ab\u00a0Kirsch\u00a0\u00bb<\/p>\n<p>L&rsquo;\u00e9v\u00e9nement est \u00e0 partir de 19:00 heures.<\/p>\n<p>CHF 59<\/p>\n<p>Pour le retour, nous mettons \u00e0 votre disposition des torches ou des luges. Nous vous recommandons d&#8217;emporter une lampe frontale ou de poche pour la descente en luge. Les luges sont mises \u00e0 disposition uniquement en cas de bonnes conditions de neige ; leur utilisation se fait sous votre propre responsabilit\u00e9.<\/p>\n<p><a href=\"https:\/\/weidstuebli.ch\/fr\/kontakt\/?lang=fr\" target=\"_blank\" rel=\"noopener noreferrer\">Pr\u00e9-r\u00e9servation<\/a> n\u00e9cessaire.[\/vc_column_text][vc_empty_space][\/vc_column_inner][vc_column_inner width=\u00a0\u00bb1\/2&Prime;]<div class=\"dt-fancy-separator title-left h3-size\" style=\"width: 100%;\"><div class=\"dt-fancy-title\" style=\"color: #000000;\"><span class=\"separator-holder separator-left\"><\/span>SOIR\u00c8E RACLETTE EN HIVER<span class=\"separator-holder separator-right\"><\/span><\/div><\/div>[vc_empty_space][vc_column_text css=\u00a0\u00bb\u00a0\u00bb]Tous les mercredis, soir\u00e9e de raclette avec animation musicale de <a href=\"http:\/\/www.elmar-musiker.ch\" target=\"_blank\" rel=\"noopener noreferrer\">Elmar<\/a> ! Profitez d&rsquo;une d\u00e9licieuse raclette avec un fromage au lait cru. Pour le dessert, nous servons une salade de fruits frais avec Kirsch.<\/p>\n<p>Pour le retour, nous mettons \u00e0 votre disposition des torches ou des luges. Nous vous recommandons d&#8217;emporter une lampe frontale ou de poche pour la descente en luge. Les luges sont mises \u00e0 disposition uniquement en cas de bonnes conditions de neige ; leur utilisation se fait sous votre propre responsabilit\u00e9.<\/p>\n<p>L&rsquo;\u00e9v\u00e9nement est \u00e0 partir de 19:00 heures.<\/p>\n<p>CHF 41<\/p>\n<p>Soir\u00e9es raclette suppl\u00e9mentaires le 28 d\u00e9cembre 2025 et le 2 janvier 2026<\/p>\n<p><a href=\"https:\/\/weidstuebli.ch\/fr\/kontakt\/?lang=fr\" target=\"_blank\" rel=\"noopener noreferrer\">Pr\u00e9-r\u00e9servation <\/a>n\u00e9cessaire.[\/vc_column_text][vc_empty_space][\/vc_column_inner][\/vc_row_inner][\/vc_tta_section][vc_tta_section i_icon_fontawesome=\u00a0\u00bbfa fa-sun-o\u00a0\u00bb add_icon=\u00a0\u00bbtrue\u00a0\u00bb title=\u00a0\u00bb\u00c9T\u00c9\u00a0\u00bb tab_id=\u00a0\u00bb\u00e9t\u00e9\u00a0\u00bb][vc_empty_space][vc_row_inner][vc_column_inner width=\u00a0\u00bb1\/2&Prime;]<div class=\"dt-fancy-separator title-left h3-size\" style=\"width: 100%;\"><div class=\"dt-fancy-title\" style=\"color: #000000;\"><span class=\"separator-holder separator-left\"><\/span>CELEBRATION DU 1er AO\u00dbT<span class=\"separator-holder separator-right\"><\/span><\/div><\/div>[vc_empty_space][vc_column_text css=\u00a0\u00bb\u00a0\u00bb]C\u00e9l\u00e9brez le 1er ao\u00fbt dans notre restaurant Weidst\u00fcbli<\/p>\n<p>MENU<\/p>\n<p>*******<\/p>\n<p>Diverses sortes de viandes s\u00e9ch\u00e9es et de saucisses issues d&rsquo;un \u00ab\u00a0Spycher\u00a0\u00bb valaisan (cabane de stockage traditionnelle).<\/p>\n<p>***<\/p>\n<p>Raclettes<\/p>\n<p>Avec une salade de tomates et d\u2019oignions, pommes de terre bouillies, cornichons et oignons marin\u00e9s<\/p>\n<p>***<\/p>\n<p>Salade de fruits frais avec Kirsch.<\/p>\n<p>\u00c0 partir de 19.00 heures. Nous vous invitons de profiter de la vue unique sur l&rsquo;\u00e9clairage du mur de la Gemmi et les feux d&rsquo;artifice.<\/p>\n<p>CHF 49<\/p>\n<p><a href=\"https:\/\/weidstuebli.ch\/fr\/kontakt\/?lang=fr\" target=\"_blank\" rel=\"noopener noreferrer\">Pr\u00e9-r\u00e9servation<\/a> n\u00e9cessaire.[\/vc_column_text][vc_empty_space][\/vc_column_inner][vc_column_inner width=\u00a0\u00bb1\/2&Prime;]<div class=\"dt-fancy-separator title-left h3-size\" style=\"width: 100%;\"><div class=\"dt-fancy-title\" style=\"color: #000000;\"><span class=\"separator-holder separator-left\"><\/span>SOIR\u00c8E RACLETTE EN \u00c8T\u00c8<span class=\"separator-holder separator-right\"><\/span><\/div><\/div>[vc_empty_space][vc_column_text css=\u00a0\u00bb\u00a0\u00bb]Chaque jeudi, une soir\u00e9e de raclette a lieu au restaurant Weidst\u00fcbli.<\/p>\n<p>Pour le dessert, nous servons une salade de fruits frais avec Kirsch.<\/p>\n<p>\u00c0 partir de 18.00 heures.<\/p>\n<p>CHF 36.50<\/p>\n<p><a href=\"https:\/\/weidstuebli.ch\/fr\/kontakt\/?lang=fr\" target=\"_blank\" rel=\"noopener noreferrer\">Pr\u00e9-r\u00e9servation<\/a> n\u00e9cessaire.[\/vc_column_text][vc_empty_space][\/vc_column_inner][\/vc_row_inner][\/vc_tta_section][\/vc_tta_tabs][\/vc_column][\/vc_row]<\/p>\n<\/div>","protected":false},"excerpt":{"rendered":"<p>[vc_row][vc_column][vc_empty_space][vc_column_text] Envisagez-vous une soir\u00e9e priv\u00e9e ou familiale\u00a0? Une sortie de club ou un \u00e9v\u00e8nement d&rsquo;entreprise? Souhaitez-vous d\u00e9guster un festin dans un environnement unique avec des paysages magnifiques? Nous nous ferons un plaisir d&rsquo;organiser, avec passion, votre occasion sp\u00e9ciale. [\/vc_column_text][\/vc_column][\/vc_row][vc_row][vc_column][vc_empty_space height=\u00a0\u00bb50px\u00a0\u00bb][vc_empty_space][vc_tta_tabs style=\u00a0\u00bbmodern\u00a0\u00bb color=\u00a0\u00bbwhite\u00a0\u00bb alignment=\u00a0\u00bbcenter\u00a0\u00bb active_section=\u00a0\u00bb1&Prime; no_fill_content_area=\u00a0\u00bbtrue\u00a0\u00bb][vc_tta_section i_icon_fontawesome=\u00a0\u00bbfa fa-asterisk\u00a0\u00bb add_icon=\u00a0\u00bbtrue\u00a0\u00bb title=\u00a0\u00bbHIVER\u00a0\u00bb tab_id=\u00a0\u00bbhiver\u00a0\u00bb][vc_empty_space][vc_row_inner][vc_column_inner width=\u00a0\u00bb1\/2&Prime;][vc_empty_space][vc_column_text css=\u00a0\u00bb\u00a0\u00bb]C\u00e9l\u00e9brez le nouvel an&hellip;<\/p>\n","protected":false},"author":1,"featured_media":0,"parent":0,"menu_order":0,"comment_status":"closed","ping_status":"closed","template":"","meta":{"footnotes":""},"class_list":["post-263","page","type-page","status-publish","hentry","description-off"],"_links":{"self":[{"href":"https:\/\/weidstuebli.ch\/fr\/wp-json\/wp\/v2\/pages\/263","targetHints":{"allow":["GET"]}}],"collection":[{"href":"https:\/\/weidstuebli.ch\/fr\/wp-json\/wp\/v2\/pages"}],"about":[{"href":"https:\/\/weidstuebli.ch\/fr\/wp-json\/wp\/v2\/types\/page"}],"author":[{"embeddable":true,"href":"https:\/\/weidstuebli.ch\/fr\/wp-json\/wp\/v2\/users\/1"}],"replies":[{"embeddable":true,"href":"https:\/\/weidstuebli.ch\/fr\/wp-json\/wp\/v2\/comments?post=263"}],"version-history":[{"count":60,"href":"https:\/\/weidstuebli.ch\/fr\/wp-json\/wp\/v2\/pages\/263\/revisions"}],"predecessor-version":[{"id":1774,"href":"https:\/\/weidstuebli.ch\/fr\/wp-json\/wp\/v2\/pages\/263\/revisions\/1774"}],"wp:attachment":[{"href":"https:\/\/weidstuebli.ch\/fr\/wp-json\/wp\/v2\/media?parent=263"}],"curies":[{"name":"wp","href":"https:\/\/api.w.org\/{rel}","templated":true}]}}